{"id":3766,"date":"2023-09-29T14:43:52","date_gmt":"2023-09-29T12:43:52","guid":{"rendered":"https:\/\/www.voelkel-re.de\/realisation-dun-projet-de-numerisation-innovant-dans-le-kauf-park-de-goettingen\/"},"modified":"2023-11-09T11:40:50","modified_gmt":"2023-11-09T10:40:50","slug":"realisation-dun-projet-de-numerisation-innovant-dans-le-kauf-park-de-goettingen","status":"publish","type":"page","link":"https:\/\/www.voelkel-re.de\/fr\/meilleure-pratique\/realisation-dun-projet-de-numerisation-innovant-dans-le-kauf-park-de-goettingen\/","title":{"rendered":"R\u00e9alisation d&#8217;un projet de num\u00e9risation innovant dans le Kauf Park de G\u00f6ttingen"},"content":{"rendered":"","protected":false},"excerpt":{"rendered":"","protected":false},"author":1,"featured_media":2793,"parent":3773,"menu_order":0,"comment_status":"closed","ping_status":"closed","template":"","meta":{"_acf_changed":false,"footnotes":""},"class_list":["post-3766","page","type-page","status-publish","has-post-thumbnail","hentry"],"acf":[],"yoast_head":"<!-- This site is optimized with the Yoast SEO plugin v27.4 - https:\/\/yoast.com\/product\/yoast-seo-wordpress\/ -->\n<title>Projet de num\u00e9risation innovant au Kauf Park de G\u00f6ttingen<\/title>\n<meta name=\"description\" content=\"En savoir plus sur l&#039;utilisation de la technologie innovante LoRaWAN pour une gestion efficace et durable des espaces commerciaux.\" \/>\n<meta name=\"robots\" content=\"index, follow, max-snippet:-1, max-image-preview:large, max-video-preview:-1\" \/>\n<link rel=\"canonical\" href=\"https:\/\/www.voelkel-re.de\/fr\/meilleure-pratique\/realisation-dun-projet-de-numerisation-innovant-dans-le-kauf-park-de-goettingen\/\" \/>\n<meta property=\"og:locale\" content=\"fr_FR\" \/>\n<meta property=\"og:type\" content=\"article\" \/>\n<meta property=\"og:title\" content=\"Projet de num\u00e9risation innovant au Kauf Park de G\u00f6ttingen\" \/>\n<meta property=\"og:description\" content=\"En savoir plus sur l&#039;utilisation de la technologie innovante LoRaWAN pour une gestion efficace et durable des espaces commerciaux.\" \/>\n<meta property=\"og:url\" content=\"https:\/\/www.voelkel-re.de\/fr\/meilleure-pratique\/realisation-dun-projet-de-numerisation-innovant-dans-le-kauf-park-de-goettingen\/\" \/>\n<meta property=\"og:site_name\" content=\"V\u00d6LKEL Real Estate | Hamburg\" \/>\n<meta property=\"article:modified_time\" content=\"2023-11-09T10:40:50+00:00\" \/>\n<meta property=\"og:image\" content=\"https:\/\/www.voelkel-re.de\/wp-content\/uploads\/voelkel-best-practice-_0003_LoRaWAN-Kaufpark.jpg\" \/>\n\t<meta property=\"og:image:width\" content=\"1440\" \/>\n\t<meta property=\"og:image:height\" content=\"1080\" \/>\n\t<meta property=\"og:image:type\" content=\"image\/jpeg\" \/>\n<meta name=\"twitter:card\" content=\"summary_large_image\" \/>\n<script type=\"application\/ld+json\" class=\"yoast-schema-graph\">{\"@context\":\"https:\\\/\\\/schema.org\",\"@graph\":[{\"@type\":\"WebPage\",\"@id\":\"https:\\\/\\\/www.voelkel-re.de\\\/fr\\\/meilleure-pratique\\\/realisation-dun-projet-de-numerisation-innovant-dans-le-kauf-park-de-goettingen\\\/\",\"url\":\"https:\\\/\\\/www.voelkel-re.de\\\/fr\\\/meilleure-pratique\\\/realisation-dun-projet-de-numerisation-innovant-dans-le-kauf-park-de-goettingen\\\/\",\"name\":\"Projet de num\u00e9risation innovant au Kauf Park de G\u00f6ttingen\",\"isPartOf\":{\"@id\":\"https:\\\/\\\/www.voelkel-re.de\\\/#website\"},\"primaryImageOfPage\":{\"@id\":\"https:\\\/\\\/www.voelkel-re.de\\\/fr\\\/meilleure-pratique\\\/realisation-dun-projet-de-numerisation-innovant-dans-le-kauf-park-de-goettingen\\\/#primaryimage\"},\"image\":{\"@id\":\"https:\\\/\\\/www.voelkel-re.de\\\/fr\\\/meilleure-pratique\\\/realisation-dun-projet-de-numerisation-innovant-dans-le-kauf-park-de-goettingen\\\/#primaryimage\"},\"thumbnailUrl\":\"https:\\\/\\\/www.voelkel-re.de\\\/wp-content\\\/uploads\\\/voelkel-best-practice-_0003_LoRaWAN-Kaufpark.jpg\",\"datePublished\":\"2023-09-29T12:43:52+00:00\",\"dateModified\":\"2023-11-09T10:40:50+00:00\",\"description\":\"En savoir plus sur l'utilisation de la technologie innovante LoRaWAN pour une gestion efficace et durable des espaces commerciaux.\",\"breadcrumb\":{\"@id\":\"https:\\\/\\\/www.voelkel-re.de\\\/fr\\\/meilleure-pratique\\\/realisation-dun-projet-de-numerisation-innovant-dans-le-kauf-park-de-goettingen\\\/#breadcrumb\"},\"inLanguage\":\"fr-FR\",\"potentialAction\":[{\"@type\":\"ReadAction\",\"target\":[\"https:\\\/\\\/www.voelkel-re.de\\\/fr\\\/meilleure-pratique\\\/realisation-dun-projet-de-numerisation-innovant-dans-le-kauf-park-de-goettingen\\\/\"]}]},{\"@type\":\"ImageObject\",\"inLanguage\":\"fr-FR\",\"@id\":\"https:\\\/\\\/www.voelkel-re.de\\\/fr\\\/meilleure-pratique\\\/realisation-dun-projet-de-numerisation-innovant-dans-le-kauf-park-de-goettingen\\\/#primaryimage\",\"url\":\"https:\\\/\\\/www.voelkel-re.de\\\/wp-content\\\/uploads\\\/voelkel-best-practice-_0003_LoRaWAN-Kaufpark.jpg\",\"contentUrl\":\"https:\\\/\\\/www.voelkel-re.de\\\/wp-content\\\/uploads\\\/voelkel-best-practice-_0003_LoRaWAN-Kaufpark.jpg\",\"width\":1440,\"height\":1080,\"caption\":\"LoRaWan Kaufpark\"},{\"@type\":\"BreadcrumbList\",\"@id\":\"https:\\\/\\\/www.voelkel-re.de\\\/fr\\\/meilleure-pratique\\\/realisation-dun-projet-de-numerisation-innovant-dans-le-kauf-park-de-goettingen\\\/#breadcrumb\",\"itemListElement\":[{\"@type\":\"ListItem\",\"position\":1,\"name\":\"Startseite\",\"item\":\"https:\\\/\\\/www.voelkel-re.de\\\/fr\\\/\"},{\"@type\":\"ListItem\",\"position\":2,\"name\":\"Meilleure pratique\",\"item\":\"https:\\\/\\\/www.voelkel-re.de\\\/fr\\\/meilleure-pratique\\\/\"},{\"@type\":\"ListItem\",\"position\":3,\"name\":\"R\u00e9alisation d&#8217;un projet de num\u00e9risation innovant dans le Kauf Park de G\u00f6ttingen\"}]},{\"@type\":\"WebSite\",\"@id\":\"https:\\\/\\\/www.voelkel-re.de\\\/#website\",\"url\":\"https:\\\/\\\/www.voelkel-re.de\\\/\",\"name\":\"V\u00d6LKEL Real Estate | Hamburg\",\"description\":\"Immobiliendienstleistungen f\u00fcr Handels- und Gewerbeimmobilien\",\"publisher\":{\"@id\":\"https:\\\/\\\/www.voelkel-re.de\\\/#organization\"},\"potentialAction\":[{\"@type\":\"SearchAction\",\"target\":{\"@type\":\"EntryPoint\",\"urlTemplate\":\"https:\\\/\\\/www.voelkel-re.de\\\/?s={search_term_string}\"},\"query-input\":{\"@type\":\"PropertyValueSpecification\",\"valueRequired\":true,\"valueName\":\"search_term_string\"}}],\"inLanguage\":\"fr-FR\"},{\"@type\":\"Organization\",\"@id\":\"https:\\\/\\\/www.voelkel-re.de\\\/#organization\",\"name\":\"V\u00d6LKEL Real Estate | Hamburg\",\"url\":\"https:\\\/\\\/www.voelkel-re.de\\\/\",\"logo\":{\"@type\":\"ImageObject\",\"inLanguage\":\"fr-FR\",\"@id\":\"https:\\\/\\\/www.voelkel-re.de\\\/#\\\/schema\\\/logo\\\/image\\\/\",\"url\":\"https:\\\/\\\/www.voelkel-re.de\\\/wp-content\\\/uploads\\\/VOELKEL-Logo.jpg\",\"contentUrl\":\"https:\\\/\\\/www.voelkel-re.de\\\/wp-content\\\/uploads\\\/VOELKEL-Logo.jpg\",\"width\":1600,\"height\":900,\"caption\":\"V\u00d6LKEL Real Estate | Hamburg\"},\"image\":{\"@id\":\"https:\\\/\\\/www.voelkel-re.de\\\/#\\\/schema\\\/logo\\\/image\\\/\"},\"sameAs\":[\"https:\\\/\\\/de.linkedin.com\\\/company\\\/voelkel-real-estate\"]}]}<\/script>\n<!-- \/ Yoast SEO plugin. -->","yoast_head_json":{"title":"Projet de num\u00e9risation innovant au Kauf Park de G\u00f6ttingen","description":"En savoir plus sur l'utilisation de la technologie innovante LoRaWAN pour une gestion efficace et durable des espaces commerciaux.","robots":{"index":"index","follow":"follow","max-snippet":"max-snippet:-1","max-image-preview":"max-image-preview:large","max-video-preview":"max-video-preview:-1"},"canonical":"https:\/\/www.voelkel-re.de\/fr\/meilleure-pratique\/realisation-dun-projet-de-numerisation-innovant-dans-le-kauf-park-de-goettingen\/","og_locale":"fr_FR","og_type":"article","og_title":"Projet de num\u00e9risation innovant au Kauf Park de G\u00f6ttingen","og_description":"En savoir plus sur l'utilisation de la technologie innovante LoRaWAN pour une gestion efficace et durable des espaces commerciaux.","og_url":"https:\/\/www.voelkel-re.de\/fr\/meilleure-pratique\/realisation-dun-projet-de-numerisation-innovant-dans-le-kauf-park-de-goettingen\/","og_site_name":"V\u00d6LKEL Real Estate | Hamburg","article_modified_time":"2023-11-09T10:40:50+00:00","og_image":[{"width":1440,"height":1080,"url":"https:\/\/www.voelkel-re.de\/wp-content\/uploads\/voelkel-best-practice-_0003_LoRaWAN-Kaufpark.jpg","type":"image\/jpeg"}],"twitter_card":"summary_large_image","schema":{"@context":"https:\/\/schema.org","@graph":[{"@type":"WebPage","@id":"https:\/\/www.voelkel-re.de\/fr\/meilleure-pratique\/realisation-dun-projet-de-numerisation-innovant-dans-le-kauf-park-de-goettingen\/","url":"https:\/\/www.voelkel-re.de\/fr\/meilleure-pratique\/realisation-dun-projet-de-numerisation-innovant-dans-le-kauf-park-de-goettingen\/","name":"Projet de num\u00e9risation innovant au Kauf Park de G\u00f6ttingen","isPartOf":{"@id":"https:\/\/www.voelkel-re.de\/#website"},"primaryImageOfPage":{"@id":"https:\/\/www.voelkel-re.de\/fr\/meilleure-pratique\/realisation-dun-projet-de-numerisation-innovant-dans-le-kauf-park-de-goettingen\/#primaryimage"},"image":{"@id":"https:\/\/www.voelkel-re.de\/fr\/meilleure-pratique\/realisation-dun-projet-de-numerisation-innovant-dans-le-kauf-park-de-goettingen\/#primaryimage"},"thumbnailUrl":"https:\/\/www.voelkel-re.de\/wp-content\/uploads\/voelkel-best-practice-_0003_LoRaWAN-Kaufpark.jpg","datePublished":"2023-09-29T12:43:52+00:00","dateModified":"2023-11-09T10:40:50+00:00","description":"En savoir plus sur l'utilisation de la technologie innovante LoRaWAN pour une gestion efficace et durable des espaces commerciaux.","breadcrumb":{"@id":"https:\/\/www.voelkel-re.de\/fr\/meilleure-pratique\/realisation-dun-projet-de-numerisation-innovant-dans-le-kauf-park-de-goettingen\/#breadcrumb"},"inLanguage":"fr-FR","potentialAction":[{"@type":"ReadAction","target":["https:\/\/www.voelkel-re.de\/fr\/meilleure-pratique\/realisation-dun-projet-de-numerisation-innovant-dans-le-kauf-park-de-goettingen\/"]}]},{"@type":"ImageObject","inLanguage":"fr-FR","@id":"https:\/\/www.voelkel-re.de\/fr\/meilleure-pratique\/realisation-dun-projet-de-numerisation-innovant-dans-le-kauf-park-de-goettingen\/#primaryimage","url":"https:\/\/www.voelkel-re.de\/wp-content\/uploads\/voelkel-best-practice-_0003_LoRaWAN-Kaufpark.jpg","contentUrl":"https:\/\/www.voelkel-re.de\/wp-content\/uploads\/voelkel-best-practice-_0003_LoRaWAN-Kaufpark.jpg","width":1440,"height":1080,"caption":"LoRaWan Kaufpark"},{"@type":"BreadcrumbList","@id":"https:\/\/www.voelkel-re.de\/fr\/meilleure-pratique\/realisation-dun-projet-de-numerisation-innovant-dans-le-kauf-park-de-goettingen\/#breadcrumb","itemListElement":[{"@type":"ListItem","position":1,"name":"Startseite","item":"https:\/\/www.voelkel-re.de\/fr\/"},{"@type":"ListItem","position":2,"name":"Meilleure pratique","item":"https:\/\/www.voelkel-re.de\/fr\/meilleure-pratique\/"},{"@type":"ListItem","position":3,"name":"R\u00e9alisation d&#8217;un projet de num\u00e9risation innovant dans le Kauf Park de G\u00f6ttingen"}]},{"@type":"WebSite","@id":"https:\/\/www.voelkel-re.de\/#website","url":"https:\/\/www.voelkel-re.de\/","name":"V\u00d6LKEL Real Estate | Hamburg","description":"Immobiliendienstleistungen f\u00fcr Handels- und Gewerbeimmobilien","publisher":{"@id":"https:\/\/www.voelkel-re.de\/#organization"},"potentialAction":[{"@type":"SearchAction","target":{"@type":"EntryPoint","urlTemplate":"https:\/\/www.voelkel-re.de\/?s={search_term_string}"},"query-input":{"@type":"PropertyValueSpecification","valueRequired":true,"valueName":"search_term_string"}}],"inLanguage":"fr-FR"},{"@type":"Organization","@id":"https:\/\/www.voelkel-re.de\/#organization","name":"V\u00d6LKEL Real Estate | Hamburg","url":"https:\/\/www.voelkel-re.de\/","logo":{"@type":"ImageObject","inLanguage":"fr-FR","@id":"https:\/\/www.voelkel-re.de\/#\/schema\/logo\/image\/","url":"https:\/\/www.voelkel-re.de\/wp-content\/uploads\/VOELKEL-Logo.jpg","contentUrl":"https:\/\/www.voelkel-re.de\/wp-content\/uploads\/VOELKEL-Logo.jpg","width":1600,"height":900,"caption":"V\u00d6LKEL Real Estate | Hamburg"},"image":{"@id":"https:\/\/www.voelkel-re.de\/#\/schema\/logo\/image\/"},"sameAs":["https:\/\/de.linkedin.com\/company\/voelkel-real-estate"]}]}},"_links":{"self":[{"href":"https:\/\/www.voelkel-re.de\/fr\/wp-json\/wp\/v2\/pages\/3766","targetHints":{"allow":["GET"]}}],"collection":[{"href":"https:\/\/www.voelkel-re.de\/fr\/wp-json\/wp\/v2\/pages"}],"about":[{"href":"https:\/\/www.voelkel-re.de\/fr\/wp-json\/wp\/v2\/types\/page"}],"author":[{"embeddable":true,"href":"https:\/\/www.voelkel-re.de\/fr\/wp-json\/wp\/v2\/users\/1"}],"replies":[{"embeddable":true,"href":"https:\/\/www.voelkel-re.de\/fr\/wp-json\/wp\/v2\/comments?post=3766"}],"version-history":[{"count":1,"href":"https:\/\/www.voelkel-re.de\/fr\/wp-json\/wp\/v2\/pages\/3766\/revisions"}],"predecessor-version":[{"id":4065,"href":"https:\/\/www.voelkel-re.de\/fr\/wp-json\/wp\/v2\/pages\/3766\/revisions\/4065"}],"up":[{"embeddable":true,"href":"https:\/\/www.voelkel-re.de\/fr\/wp-json\/wp\/v2\/pages\/3773"}],"wp:featuredmedia":[{"embeddable":true,"href":"https:\/\/www.voelkel-re.de\/fr\/wp-json\/wp\/v2\/media\/2793"}],"wp:attachment":[{"href":"https:\/\/www.voelkel-re.de\/fr\/wp-json\/wp\/v2\/media?parent=3766"}],"curies":[{"name":"wp","href":"https:\/\/api.w.org\/{rel}","templated":true}]}}