{"id":3760,"date":"2023-09-29T14:10:27","date_gmt":"2023-09-29T12:10:27","guid":{"rendered":"https:\/\/www.voelkel-re.de\/rafraichissement-de-la-marque-et-concept-de-communication-optimise-pour-das-schloss-a-berlin\/"},"modified":"2023-11-09T11:40:14","modified_gmt":"2023-11-09T10:40:14","slug":"rafraichissement-de-la-marque-et-concept-de-communication-optimise-pour-das-schloss-a-berlin","status":"publish","type":"page","link":"https:\/\/www.voelkel-re.de\/fr\/meilleure-pratique\/rafraichissement-de-la-marque-et-concept-de-communication-optimise-pour-das-schloss-a-berlin\/","title":{"rendered":"Rafra\u00eechissement de la marque et concept de communication optimis\u00e9 pour &#8220;das Schloss&#8221; \u00e0 Berlin"},"content":{"rendered":"","protected":false},"excerpt":{"rendered":"","protected":false},"author":1,"featured_media":3159,"parent":3773,"menu_order":0,"comment_status":"closed","ping_status":"closed","template":"","meta":{"_acf_changed":false,"footnotes":""},"class_list":["post-3760","page","type-page","status-publish","has-post-thumbnail","hentry"],"acf":[],"yoast_head":"<!-- This site is optimized with the Yoast SEO plugin v27.5 - https:\/\/yoast.com\/product\/yoast-seo-wordpress\/ -->\n<title>Rafra\u00eechissement de la marque &amp; concept de communication &quot;das Schloss&quot; \u00e0 Berlin<\/title>\n<meta name=\"description\" content=\"D\u00e9couvrez comment un concept de rafra\u00eechissement de la marque et de communication a permis de r\u00e9orienter strat\u00e9giquement &quot;das Schloss&quot; \u00e0 Berlin.\" \/>\n<meta name=\"robots\" content=\"index, follow, max-snippet:-1, max-image-preview:large, max-video-preview:-1\" \/>\n<link rel=\"canonical\" href=\"https:\/\/www.voelkel-re.de\/fr\/meilleure-pratique\/rafraichissement-de-la-marque-et-concept-de-communication-optimise-pour-das-schloss-a-berlin\/\" \/>\n<meta property=\"og:locale\" content=\"fr_FR\" \/>\n<meta property=\"og:type\" content=\"article\" \/>\n<meta property=\"og:title\" content=\"Rafra\u00eechissement de la marque &amp; concept de communication &quot;das Schloss&quot; \u00e0 Berlin\" \/>\n<meta property=\"og:description\" content=\"D\u00e9couvrez comment un concept de rafra\u00eechissement de la marque et de communication a permis de r\u00e9orienter strat\u00e9giquement &quot;das Schloss&quot; \u00e0 Berlin.\" \/>\n<meta property=\"og:url\" content=\"https:\/\/www.voelkel-re.de\/fr\/meilleure-pratique\/rafraichissement-de-la-marque-et-concept-de-communication-optimise-pour-das-schloss-a-berlin\/\" \/>\n<meta property=\"og:site_name\" content=\"V\u00d6LKEL Real Estate | Hamburg\" \/>\n<meta property=\"article:modified_time\" content=\"2023-11-09T10:40:14+00:00\" \/>\n<meta property=\"og:image\" content=\"https:\/\/www.voelkel-re.de\/wp-content\/uploads\/voelkel_objekt_1440-x-1080_das-schloss-berlin.jpg\" \/>\n\t<meta property=\"og:image:width\" content=\"1440\" \/>\n\t<meta property=\"og:image:height\" content=\"1080\" \/>\n\t<meta property=\"og:image:type\" content=\"image\/jpeg\" \/>\n<meta name=\"twitter:card\" content=\"summary_large_image\" \/>\n<script type=\"application\/ld+json\" class=\"yoast-schema-graph\">{\"@context\":\"https:\\\/\\\/schema.org\",\"@graph\":[{\"@type\":\"WebPage\",\"@id\":\"https:\\\/\\\/www.voelkel-re.de\\\/fr\\\/meilleure-pratique\\\/rafraichissement-de-la-marque-et-concept-de-communication-optimise-pour-das-schloss-a-berlin\\\/\",\"url\":\"https:\\\/\\\/www.voelkel-re.de\\\/fr\\\/meilleure-pratique\\\/rafraichissement-de-la-marque-et-concept-de-communication-optimise-pour-das-schloss-a-berlin\\\/\",\"name\":\"Rafra\u00eechissement de la marque & concept de communication \\\"das Schloss\\\" \u00e0 Berlin\",\"isPartOf\":{\"@id\":\"https:\\\/\\\/www.voelkel-re.de\\\/#website\"},\"primaryImageOfPage\":{\"@id\":\"https:\\\/\\\/www.voelkel-re.de\\\/fr\\\/meilleure-pratique\\\/rafraichissement-de-la-marque-et-concept-de-communication-optimise-pour-das-schloss-a-berlin\\\/#primaryimage\"},\"image\":{\"@id\":\"https:\\\/\\\/www.voelkel-re.de\\\/fr\\\/meilleure-pratique\\\/rafraichissement-de-la-marque-et-concept-de-communication-optimise-pour-das-schloss-a-berlin\\\/#primaryimage\"},\"thumbnailUrl\":\"https:\\\/\\\/www.voelkel-re.de\\\/wp-content\\\/uploads\\\/voelkel_objekt_1440-x-1080_das-schloss-berlin.jpg\",\"datePublished\":\"2023-09-29T12:10:27+00:00\",\"dateModified\":\"2023-11-09T10:40:14+00:00\",\"description\":\"D\u00e9couvrez comment un concept de rafra\u00eechissement de la marque et de communication a permis de r\u00e9orienter strat\u00e9giquement \\\"das Schloss\\\" \u00e0 Berlin.\",\"breadcrumb\":{\"@id\":\"https:\\\/\\\/www.voelkel-re.de\\\/fr\\\/meilleure-pratique\\\/rafraichissement-de-la-marque-et-concept-de-communication-optimise-pour-das-schloss-a-berlin\\\/#breadcrumb\"},\"inLanguage\":\"fr-FR\",\"potentialAction\":[{\"@type\":\"ReadAction\",\"target\":[\"https:\\\/\\\/www.voelkel-re.de\\\/fr\\\/meilleure-pratique\\\/rafraichissement-de-la-marque-et-concept-de-communication-optimise-pour-das-schloss-a-berlin\\\/\"]}]},{\"@type\":\"ImageObject\",\"inLanguage\":\"fr-FR\",\"@id\":\"https:\\\/\\\/www.voelkel-re.de\\\/fr\\\/meilleure-pratique\\\/rafraichissement-de-la-marque-et-concept-de-communication-optimise-pour-das-schloss-a-berlin\\\/#primaryimage\",\"url\":\"https:\\\/\\\/www.voelkel-re.de\\\/wp-content\\\/uploads\\\/voelkel_objekt_1440-x-1080_das-schloss-berlin.jpg\",\"contentUrl\":\"https:\\\/\\\/www.voelkel-re.de\\\/wp-content\\\/uploads\\\/voelkel_objekt_1440-x-1080_das-schloss-berlin.jpg\",\"width\":1440,\"height\":1080,\"caption\":\"das Schloss Berlin\"},{\"@type\":\"BreadcrumbList\",\"@id\":\"https:\\\/\\\/www.voelkel-re.de\\\/fr\\\/meilleure-pratique\\\/rafraichissement-de-la-marque-et-concept-de-communication-optimise-pour-das-schloss-a-berlin\\\/#breadcrumb\",\"itemListElement\":[{\"@type\":\"ListItem\",\"position\":1,\"name\":\"Startseite\",\"item\":\"https:\\\/\\\/www.voelkel-re.de\\\/fr\\\/\"},{\"@type\":\"ListItem\",\"position\":2,\"name\":\"Meilleure pratique\",\"item\":\"https:\\\/\\\/www.voelkel-re.de\\\/fr\\\/meilleure-pratique\\\/\"},{\"@type\":\"ListItem\",\"position\":3,\"name\":\"Rafra\u00eechissement de la marque et concept de communication optimis\u00e9 pour &#8220;das Schloss&#8221; \u00e0 Berlin\"}]},{\"@type\":\"WebSite\",\"@id\":\"https:\\\/\\\/www.voelkel-re.de\\\/#website\",\"url\":\"https:\\\/\\\/www.voelkel-re.de\\\/\",\"name\":\"V\u00d6LKEL Real Estate | Hamburg\",\"description\":\"Immobiliendienstleistungen f\u00fcr Handels- und Gewerbeimmobilien\",\"publisher\":{\"@id\":\"https:\\\/\\\/www.voelkel-re.de\\\/#organization\"},\"potentialAction\":[{\"@type\":\"SearchAction\",\"target\":{\"@type\":\"EntryPoint\",\"urlTemplate\":\"https:\\\/\\\/www.voelkel-re.de\\\/?s={search_term_string}\"},\"query-input\":{\"@type\":\"PropertyValueSpecification\",\"valueRequired\":true,\"valueName\":\"search_term_string\"}}],\"inLanguage\":\"fr-FR\"},{\"@type\":\"Organization\",\"@id\":\"https:\\\/\\\/www.voelkel-re.de\\\/#organization\",\"name\":\"V\u00d6LKEL Real Estate | Hamburg\",\"url\":\"https:\\\/\\\/www.voelkel-re.de\\\/\",\"logo\":{\"@type\":\"ImageObject\",\"inLanguage\":\"fr-FR\",\"@id\":\"https:\\\/\\\/www.voelkel-re.de\\\/#\\\/schema\\\/logo\\\/image\\\/\",\"url\":\"https:\\\/\\\/www.voelkel-re.de\\\/wp-content\\\/uploads\\\/VOELKEL-Logo.jpg\",\"contentUrl\":\"https:\\\/\\\/www.voelkel-re.de\\\/wp-content\\\/uploads\\\/VOELKEL-Logo.jpg\",\"width\":1600,\"height\":900,\"caption\":\"V\u00d6LKEL Real Estate | Hamburg\"},\"image\":{\"@id\":\"https:\\\/\\\/www.voelkel-re.de\\\/#\\\/schema\\\/logo\\\/image\\\/\"},\"sameAs\":[\"https:\\\/\\\/de.linkedin.com\\\/company\\\/voelkel-real-estate\"]}]}<\/script>\n<!-- \/ Yoast SEO plugin. -->","yoast_head_json":{"title":"Rafra\u00eechissement de la marque & concept de communication \"das Schloss\" \u00e0 Berlin","description":"D\u00e9couvrez comment un concept de rafra\u00eechissement de la marque et de communication a permis de r\u00e9orienter strat\u00e9giquement \"das Schloss\" \u00e0 Berlin.","robots":{"index":"index","follow":"follow","max-snippet":"max-snippet:-1","max-image-preview":"max-image-preview:large","max-video-preview":"max-video-preview:-1"},"canonical":"https:\/\/www.voelkel-re.de\/fr\/meilleure-pratique\/rafraichissement-de-la-marque-et-concept-de-communication-optimise-pour-das-schloss-a-berlin\/","og_locale":"fr_FR","og_type":"article","og_title":"Rafra\u00eechissement de la marque & concept de communication \"das Schloss\" \u00e0 Berlin","og_description":"D\u00e9couvrez comment un concept de rafra\u00eechissement de la marque et de communication a permis de r\u00e9orienter strat\u00e9giquement \"das Schloss\" \u00e0 Berlin.","og_url":"https:\/\/www.voelkel-re.de\/fr\/meilleure-pratique\/rafraichissement-de-la-marque-et-concept-de-communication-optimise-pour-das-schloss-a-berlin\/","og_site_name":"V\u00d6LKEL Real Estate | Hamburg","article_modified_time":"2023-11-09T10:40:14+00:00","og_image":[{"width":1440,"height":1080,"url":"https:\/\/www.voelkel-re.de\/wp-content\/uploads\/voelkel_objekt_1440-x-1080_das-schloss-berlin.jpg","type":"image\/jpeg"}],"twitter_card":"summary_large_image","schema":{"@context":"https:\/\/schema.org","@graph":[{"@type":"WebPage","@id":"https:\/\/www.voelkel-re.de\/fr\/meilleure-pratique\/rafraichissement-de-la-marque-et-concept-de-communication-optimise-pour-das-schloss-a-berlin\/","url":"https:\/\/www.voelkel-re.de\/fr\/meilleure-pratique\/rafraichissement-de-la-marque-et-concept-de-communication-optimise-pour-das-schloss-a-berlin\/","name":"Rafra\u00eechissement de la marque & concept de communication \"das Schloss\" \u00e0 Berlin","isPartOf":{"@id":"https:\/\/www.voelkel-re.de\/#website"},"primaryImageOfPage":{"@id":"https:\/\/www.voelkel-re.de\/fr\/meilleure-pratique\/rafraichissement-de-la-marque-et-concept-de-communication-optimise-pour-das-schloss-a-berlin\/#primaryimage"},"image":{"@id":"https:\/\/www.voelkel-re.de\/fr\/meilleure-pratique\/rafraichissement-de-la-marque-et-concept-de-communication-optimise-pour-das-schloss-a-berlin\/#primaryimage"},"thumbnailUrl":"https:\/\/www.voelkel-re.de\/wp-content\/uploads\/voelkel_objekt_1440-x-1080_das-schloss-berlin.jpg","datePublished":"2023-09-29T12:10:27+00:00","dateModified":"2023-11-09T10:40:14+00:00","description":"D\u00e9couvrez comment un concept de rafra\u00eechissement de la marque et de communication a permis de r\u00e9orienter strat\u00e9giquement \"das Schloss\" \u00e0 Berlin.","breadcrumb":{"@id":"https:\/\/www.voelkel-re.de\/fr\/meilleure-pratique\/rafraichissement-de-la-marque-et-concept-de-communication-optimise-pour-das-schloss-a-berlin\/#breadcrumb"},"inLanguage":"fr-FR","potentialAction":[{"@type":"ReadAction","target":["https:\/\/www.voelkel-re.de\/fr\/meilleure-pratique\/rafraichissement-de-la-marque-et-concept-de-communication-optimise-pour-das-schloss-a-berlin\/"]}]},{"@type":"ImageObject","inLanguage":"fr-FR","@id":"https:\/\/www.voelkel-re.de\/fr\/meilleure-pratique\/rafraichissement-de-la-marque-et-concept-de-communication-optimise-pour-das-schloss-a-berlin\/#primaryimage","url":"https:\/\/www.voelkel-re.de\/wp-content\/uploads\/voelkel_objekt_1440-x-1080_das-schloss-berlin.jpg","contentUrl":"https:\/\/www.voelkel-re.de\/wp-content\/uploads\/voelkel_objekt_1440-x-1080_das-schloss-berlin.jpg","width":1440,"height":1080,"caption":"das Schloss Berlin"},{"@type":"BreadcrumbList","@id":"https:\/\/www.voelkel-re.de\/fr\/meilleure-pratique\/rafraichissement-de-la-marque-et-concept-de-communication-optimise-pour-das-schloss-a-berlin\/#breadcrumb","itemListElement":[{"@type":"ListItem","position":1,"name":"Startseite","item":"https:\/\/www.voelkel-re.de\/fr\/"},{"@type":"ListItem","position":2,"name":"Meilleure pratique","item":"https:\/\/www.voelkel-re.de\/fr\/meilleure-pratique\/"},{"@type":"ListItem","position":3,"name":"Rafra\u00eechissement de la marque et concept de communication optimis\u00e9 pour &#8220;das Schloss&#8221; \u00e0 Berlin"}]},{"@type":"WebSite","@id":"https:\/\/www.voelkel-re.de\/#website","url":"https:\/\/www.voelkel-re.de\/","name":"V\u00d6LKEL Real Estate | Hamburg","description":"Immobiliendienstleistungen f\u00fcr Handels- und Gewerbeimmobilien","publisher":{"@id":"https:\/\/www.voelkel-re.de\/#organization"},"potentialAction":[{"@type":"SearchAction","target":{"@type":"EntryPoint","urlTemplate":"https:\/\/www.voelkel-re.de\/?s={search_term_string}"},"query-input":{"@type":"PropertyValueSpecification","valueRequired":true,"valueName":"search_term_string"}}],"inLanguage":"fr-FR"},{"@type":"Organization","@id":"https:\/\/www.voelkel-re.de\/#organization","name":"V\u00d6LKEL Real Estate | Hamburg","url":"https:\/\/www.voelkel-re.de\/","logo":{"@type":"ImageObject","inLanguage":"fr-FR","@id":"https:\/\/www.voelkel-re.de\/#\/schema\/logo\/image\/","url":"https:\/\/www.voelkel-re.de\/wp-content\/uploads\/VOELKEL-Logo.jpg","contentUrl":"https:\/\/www.voelkel-re.de\/wp-content\/uploads\/VOELKEL-Logo.jpg","width":1600,"height":900,"caption":"V\u00d6LKEL Real Estate | Hamburg"},"image":{"@id":"https:\/\/www.voelkel-re.de\/#\/schema\/logo\/image\/"},"sameAs":["https:\/\/de.linkedin.com\/company\/voelkel-real-estate"]}]}},"_links":{"self":[{"href":"https:\/\/www.voelkel-re.de\/fr\/wp-json\/wp\/v2\/pages\/3760","targetHints":{"allow":["GET"]}}],"collection":[{"href":"https:\/\/www.voelkel-re.de\/fr\/wp-json\/wp\/v2\/pages"}],"about":[{"href":"https:\/\/www.voelkel-re.de\/fr\/wp-json\/wp\/v2\/types\/page"}],"author":[{"embeddable":true,"href":"https:\/\/www.voelkel-re.de\/fr\/wp-json\/wp\/v2\/users\/1"}],"replies":[{"embeddable":true,"href":"https:\/\/www.voelkel-re.de\/fr\/wp-json\/wp\/v2\/comments?post=3760"}],"version-history":[{"count":1,"href":"https:\/\/www.voelkel-re.de\/fr\/wp-json\/wp\/v2\/pages\/3760\/revisions"}],"predecessor-version":[{"id":4064,"href":"https:\/\/www.voelkel-re.de\/fr\/wp-json\/wp\/v2\/pages\/3760\/revisions\/4064"}],"up":[{"embeddable":true,"href":"https:\/\/www.voelkel-re.de\/fr\/wp-json\/wp\/v2\/pages\/3773"}],"wp:featuredmedia":[{"embeddable":true,"href":"https:\/\/www.voelkel-re.de\/fr\/wp-json\/wp\/v2\/media\/3159"}],"wp:attachment":[{"href":"https:\/\/www.voelkel-re.de\/fr\/wp-json\/wp\/v2\/media?parent=3760"}],"curies":[{"name":"wp","href":"https:\/\/api.w.org\/{rel}","templated":true}]}}