{"id":3753,"date":"2023-09-29T13:03:39","date_gmt":"2023-09-29T11:03:39","guid":{"rendered":"https:\/\/www.voelkel-re.de\/restructuration-de-lalleen-center-de-treves\/"},"modified":"2023-11-09T11:41:14","modified_gmt":"2023-11-09T10:41:14","slug":"restructuration-de-lalleen-center-de-treves","status":"publish","type":"page","link":"https:\/\/www.voelkel-re.de\/fr\/meilleure-pratique\/restructuration-de-lalleen-center-de-treves\/","title":{"rendered":"Restructuration de l&#8217;Alleen Center de Tr\u00e8ves"},"content":{"rendered":"","protected":false},"excerpt":{"rendered":"","protected":false},"author":1,"featured_media":2811,"parent":3773,"menu_order":0,"comment_status":"closed","ping_status":"closed","template":"","meta":{"_acf_changed":false,"footnotes":""},"class_list":["post-3753","page","type-page","status-publish","has-post-thumbnail","hentry"],"acf":[],"yoast_head":"<!-- This site is optimized with the Yoast SEO plugin v27.4 - https:\/\/yoast.com\/product\/yoast-seo-wordpress\/ -->\n<title>Restructuration de l&#039;Alleen Center de Tr\u00e8ves<\/title>\n<meta name=\"description\" content=\"L&#039;Alleen Center Trier a fait l&#039;objet d&#039;une r\u00e9novation compl\u00e8te entre 2018 et 2021 et semble plus frais et plus vivant que jamais ! Lire la suite ...\" \/>\n<meta name=\"robots\" content=\"index, follow, max-snippet:-1, max-image-preview:large, max-video-preview:-1\" \/>\n<link rel=\"canonical\" href=\"https:\/\/www.voelkel-re.de\/fr\/meilleure-pratique\/restructuration-de-lalleen-center-de-treves\/\" \/>\n<meta property=\"og:locale\" content=\"fr_FR\" \/>\n<meta property=\"og:type\" content=\"article\" \/>\n<meta property=\"og:title\" content=\"Restructuration de l&#039;Alleen Center de Tr\u00e8ves\" \/>\n<meta property=\"og:description\" content=\"L&#039;Alleen Center Trier a fait l&#039;objet d&#039;une r\u00e9novation compl\u00e8te entre 2018 et 2021 et semble plus frais et plus vivant que jamais ! Lire la suite ...\" \/>\n<meta property=\"og:url\" content=\"https:\/\/www.voelkel-re.de\/fr\/meilleure-pratique\/restructuration-de-lalleen-center-de-treves\/\" \/>\n<meta property=\"og:site_name\" content=\"V\u00d6LKEL Real Estate | Hamburg\" \/>\n<meta property=\"article:modified_time\" content=\"2023-11-09T10:41:14+00:00\" \/>\n<meta property=\"og:image\" content=\"https:\/\/www.voelkel-re.de\/wp-content\/uploads\/voelkel-best-practice-_0009_ACT_Restrukturierung-1.jpg\" \/>\n\t<meta property=\"og:image:width\" content=\"1440\" \/>\n\t<meta property=\"og:image:height\" content=\"1080\" \/>\n\t<meta property=\"og:image:type\" content=\"image\/jpeg\" \/>\n<meta name=\"twitter:card\" content=\"summary_large_image\" \/>\n<script type=\"application\/ld+json\" class=\"yoast-schema-graph\">{\"@context\":\"https:\\\/\\\/schema.org\",\"@graph\":[{\"@type\":\"WebPage\",\"@id\":\"https:\\\/\\\/www.voelkel-re.de\\\/fr\\\/meilleure-pratique\\\/restructuration-de-lalleen-center-de-treves\\\/\",\"url\":\"https:\\\/\\\/www.voelkel-re.de\\\/fr\\\/meilleure-pratique\\\/restructuration-de-lalleen-center-de-treves\\\/\",\"name\":\"Restructuration de l'Alleen Center de Tr\u00e8ves\",\"isPartOf\":{\"@id\":\"https:\\\/\\\/www.voelkel-re.de\\\/#website\"},\"primaryImageOfPage\":{\"@id\":\"https:\\\/\\\/www.voelkel-re.de\\\/fr\\\/meilleure-pratique\\\/restructuration-de-lalleen-center-de-treves\\\/#primaryimage\"},\"image\":{\"@id\":\"https:\\\/\\\/www.voelkel-re.de\\\/fr\\\/meilleure-pratique\\\/restructuration-de-lalleen-center-de-treves\\\/#primaryimage\"},\"thumbnailUrl\":\"https:\\\/\\\/www.voelkel-re.de\\\/wp-content\\\/uploads\\\/voelkel-best-practice-_0009_ACT_Restrukturierung-1.jpg\",\"datePublished\":\"2023-09-29T11:03:39+00:00\",\"dateModified\":\"2023-11-09T10:41:14+00:00\",\"description\":\"L'Alleen Center Trier a fait l'objet d'une r\u00e9novation compl\u00e8te entre 2018 et 2021 et semble plus frais et plus vivant que jamais ! Lire la suite ...\",\"breadcrumb\":{\"@id\":\"https:\\\/\\\/www.voelkel-re.de\\\/fr\\\/meilleure-pratique\\\/restructuration-de-lalleen-center-de-treves\\\/#breadcrumb\"},\"inLanguage\":\"fr-FR\",\"potentialAction\":[{\"@type\":\"ReadAction\",\"target\":[\"https:\\\/\\\/www.voelkel-re.de\\\/fr\\\/meilleure-pratique\\\/restructuration-de-lalleen-center-de-treves\\\/\"]}]},{\"@type\":\"ImageObject\",\"inLanguage\":\"fr-FR\",\"@id\":\"https:\\\/\\\/www.voelkel-re.de\\\/fr\\\/meilleure-pratique\\\/restructuration-de-lalleen-center-de-treves\\\/#primaryimage\",\"url\":\"https:\\\/\\\/www.voelkel-re.de\\\/wp-content\\\/uploads\\\/voelkel-best-practice-_0009_ACT_Restrukturierung-1.jpg\",\"contentUrl\":\"https:\\\/\\\/www.voelkel-re.de\\\/wp-content\\\/uploads\\\/voelkel-best-practice-_0009_ACT_Restrukturierung-1.jpg\",\"width\":1440,\"height\":1080,\"caption\":\"alleen center Restrukturierung\"},{\"@type\":\"BreadcrumbList\",\"@id\":\"https:\\\/\\\/www.voelkel-re.de\\\/fr\\\/meilleure-pratique\\\/restructuration-de-lalleen-center-de-treves\\\/#breadcrumb\",\"itemListElement\":[{\"@type\":\"ListItem\",\"position\":1,\"name\":\"Startseite\",\"item\":\"https:\\\/\\\/www.voelkel-re.de\\\/fr\\\/\"},{\"@type\":\"ListItem\",\"position\":2,\"name\":\"Meilleure pratique\",\"item\":\"https:\\\/\\\/www.voelkel-re.de\\\/fr\\\/meilleure-pratique\\\/\"},{\"@type\":\"ListItem\",\"position\":3,\"name\":\"Restructuration de l&#8217;Alleen Center de Tr\u00e8ves\"}]},{\"@type\":\"WebSite\",\"@id\":\"https:\\\/\\\/www.voelkel-re.de\\\/#website\",\"url\":\"https:\\\/\\\/www.voelkel-re.de\\\/\",\"name\":\"V\u00d6LKEL Real Estate | Hamburg\",\"description\":\"Immobiliendienstleistungen f\u00fcr Handels- und Gewerbeimmobilien\",\"publisher\":{\"@id\":\"https:\\\/\\\/www.voelkel-re.de\\\/#organization\"},\"potentialAction\":[{\"@type\":\"SearchAction\",\"target\":{\"@type\":\"EntryPoint\",\"urlTemplate\":\"https:\\\/\\\/www.voelkel-re.de\\\/?s={search_term_string}\"},\"query-input\":{\"@type\":\"PropertyValueSpecification\",\"valueRequired\":true,\"valueName\":\"search_term_string\"}}],\"inLanguage\":\"fr-FR\"},{\"@type\":\"Organization\",\"@id\":\"https:\\\/\\\/www.voelkel-re.de\\\/#organization\",\"name\":\"V\u00d6LKEL Real Estate | Hamburg\",\"url\":\"https:\\\/\\\/www.voelkel-re.de\\\/\",\"logo\":{\"@type\":\"ImageObject\",\"inLanguage\":\"fr-FR\",\"@id\":\"https:\\\/\\\/www.voelkel-re.de\\\/#\\\/schema\\\/logo\\\/image\\\/\",\"url\":\"https:\\\/\\\/www.voelkel-re.de\\\/wp-content\\\/uploads\\\/VOELKEL-Logo.jpg\",\"contentUrl\":\"https:\\\/\\\/www.voelkel-re.de\\\/wp-content\\\/uploads\\\/VOELKEL-Logo.jpg\",\"width\":1600,\"height\":900,\"caption\":\"V\u00d6LKEL Real Estate | Hamburg\"},\"image\":{\"@id\":\"https:\\\/\\\/www.voelkel-re.de\\\/#\\\/schema\\\/logo\\\/image\\\/\"},\"sameAs\":[\"https:\\\/\\\/de.linkedin.com\\\/company\\\/voelkel-real-estate\"]}]}<\/script>\n<!-- \/ Yoast SEO plugin. -->","yoast_head_json":{"title":"Restructuration de l'Alleen Center de Tr\u00e8ves","description":"L'Alleen Center Trier a fait l'objet d'une r\u00e9novation compl\u00e8te entre 2018 et 2021 et semble plus frais et plus vivant que jamais ! Lire la suite ...","robots":{"index":"index","follow":"follow","max-snippet":"max-snippet:-1","max-image-preview":"max-image-preview:large","max-video-preview":"max-video-preview:-1"},"canonical":"https:\/\/www.voelkel-re.de\/fr\/meilleure-pratique\/restructuration-de-lalleen-center-de-treves\/","og_locale":"fr_FR","og_type":"article","og_title":"Restructuration de l'Alleen Center de Tr\u00e8ves","og_description":"L'Alleen Center Trier a fait l'objet d'une r\u00e9novation compl\u00e8te entre 2018 et 2021 et semble plus frais et plus vivant que jamais ! Lire la suite ...","og_url":"https:\/\/www.voelkel-re.de\/fr\/meilleure-pratique\/restructuration-de-lalleen-center-de-treves\/","og_site_name":"V\u00d6LKEL Real Estate | Hamburg","article_modified_time":"2023-11-09T10:41:14+00:00","og_image":[{"width":1440,"height":1080,"url":"https:\/\/www.voelkel-re.de\/wp-content\/uploads\/voelkel-best-practice-_0009_ACT_Restrukturierung-1.jpg","type":"image\/jpeg"}],"twitter_card":"summary_large_image","schema":{"@context":"https:\/\/schema.org","@graph":[{"@type":"WebPage","@id":"https:\/\/www.voelkel-re.de\/fr\/meilleure-pratique\/restructuration-de-lalleen-center-de-treves\/","url":"https:\/\/www.voelkel-re.de\/fr\/meilleure-pratique\/restructuration-de-lalleen-center-de-treves\/","name":"Restructuration de l'Alleen Center de Tr\u00e8ves","isPartOf":{"@id":"https:\/\/www.voelkel-re.de\/#website"},"primaryImageOfPage":{"@id":"https:\/\/www.voelkel-re.de\/fr\/meilleure-pratique\/restructuration-de-lalleen-center-de-treves\/#primaryimage"},"image":{"@id":"https:\/\/www.voelkel-re.de\/fr\/meilleure-pratique\/restructuration-de-lalleen-center-de-treves\/#primaryimage"},"thumbnailUrl":"https:\/\/www.voelkel-re.de\/wp-content\/uploads\/voelkel-best-practice-_0009_ACT_Restrukturierung-1.jpg","datePublished":"2023-09-29T11:03:39+00:00","dateModified":"2023-11-09T10:41:14+00:00","description":"L'Alleen Center Trier a fait l'objet d'une r\u00e9novation compl\u00e8te entre 2018 et 2021 et semble plus frais et plus vivant que jamais ! Lire la suite ...","breadcrumb":{"@id":"https:\/\/www.voelkel-re.de\/fr\/meilleure-pratique\/restructuration-de-lalleen-center-de-treves\/#breadcrumb"},"inLanguage":"fr-FR","potentialAction":[{"@type":"ReadAction","target":["https:\/\/www.voelkel-re.de\/fr\/meilleure-pratique\/restructuration-de-lalleen-center-de-treves\/"]}]},{"@type":"ImageObject","inLanguage":"fr-FR","@id":"https:\/\/www.voelkel-re.de\/fr\/meilleure-pratique\/restructuration-de-lalleen-center-de-treves\/#primaryimage","url":"https:\/\/www.voelkel-re.de\/wp-content\/uploads\/voelkel-best-practice-_0009_ACT_Restrukturierung-1.jpg","contentUrl":"https:\/\/www.voelkel-re.de\/wp-content\/uploads\/voelkel-best-practice-_0009_ACT_Restrukturierung-1.jpg","width":1440,"height":1080,"caption":"alleen center Restrukturierung"},{"@type":"BreadcrumbList","@id":"https:\/\/www.voelkel-re.de\/fr\/meilleure-pratique\/restructuration-de-lalleen-center-de-treves\/#breadcrumb","itemListElement":[{"@type":"ListItem","position":1,"name":"Startseite","item":"https:\/\/www.voelkel-re.de\/fr\/"},{"@type":"ListItem","position":2,"name":"Meilleure pratique","item":"https:\/\/www.voelkel-re.de\/fr\/meilleure-pratique\/"},{"@type":"ListItem","position":3,"name":"Restructuration de l&#8217;Alleen Center de Tr\u00e8ves"}]},{"@type":"WebSite","@id":"https:\/\/www.voelkel-re.de\/#website","url":"https:\/\/www.voelkel-re.de\/","name":"V\u00d6LKEL Real Estate | Hamburg","description":"Immobiliendienstleistungen f\u00fcr Handels- und Gewerbeimmobilien","publisher":{"@id":"https:\/\/www.voelkel-re.de\/#organization"},"potentialAction":[{"@type":"SearchAction","target":{"@type":"EntryPoint","urlTemplate":"https:\/\/www.voelkel-re.de\/?s={search_term_string}"},"query-input":{"@type":"PropertyValueSpecification","valueRequired":true,"valueName":"search_term_string"}}],"inLanguage":"fr-FR"},{"@type":"Organization","@id":"https:\/\/www.voelkel-re.de\/#organization","name":"V\u00d6LKEL Real Estate | Hamburg","url":"https:\/\/www.voelkel-re.de\/","logo":{"@type":"ImageObject","inLanguage":"fr-FR","@id":"https:\/\/www.voelkel-re.de\/#\/schema\/logo\/image\/","url":"https:\/\/www.voelkel-re.de\/wp-content\/uploads\/VOELKEL-Logo.jpg","contentUrl":"https:\/\/www.voelkel-re.de\/wp-content\/uploads\/VOELKEL-Logo.jpg","width":1600,"height":900,"caption":"V\u00d6LKEL Real Estate | Hamburg"},"image":{"@id":"https:\/\/www.voelkel-re.de\/#\/schema\/logo\/image\/"},"sameAs":["https:\/\/de.linkedin.com\/company\/voelkel-real-estate"]}]}},"_links":{"self":[{"href":"https:\/\/www.voelkel-re.de\/fr\/wp-json\/wp\/v2\/pages\/3753","targetHints":{"allow":["GET"]}}],"collection":[{"href":"https:\/\/www.voelkel-re.de\/fr\/wp-json\/wp\/v2\/pages"}],"about":[{"href":"https:\/\/www.voelkel-re.de\/fr\/wp-json\/wp\/v2\/types\/page"}],"author":[{"embeddable":true,"href":"https:\/\/www.voelkel-re.de\/fr\/wp-json\/wp\/v2\/users\/1"}],"replies":[{"embeddable":true,"href":"https:\/\/www.voelkel-re.de\/fr\/wp-json\/wp\/v2\/comments?post=3753"}],"version-history":[{"count":1,"href":"https:\/\/www.voelkel-re.de\/fr\/wp-json\/wp\/v2\/pages\/3753\/revisions"}],"predecessor-version":[{"id":4067,"href":"https:\/\/www.voelkel-re.de\/fr\/wp-json\/wp\/v2\/pages\/3753\/revisions\/4067"}],"up":[{"embeddable":true,"href":"https:\/\/www.voelkel-re.de\/fr\/wp-json\/wp\/v2\/pages\/3773"}],"wp:featuredmedia":[{"embeddable":true,"href":"https:\/\/www.voelkel-re.de\/fr\/wp-json\/wp\/v2\/media\/2811"}],"wp:attachment":[{"href":"https:\/\/www.voelkel-re.de\/fr\/wp-json\/wp\/v2\/media?parent=3753"}],"curies":[{"name":"wp","href":"https:\/\/api.w.org\/{rel}","templated":true}]}}